{"id":3,"date":"2008-12-19T11:29:02","date_gmt":"2008-12-19T10:29:02","guid":{"rendered":"http:\/\/hanshirsch.com\/site\/?page_id=3"},"modified":"2019-05-26T11:49:05","modified_gmt":"2019-05-26T10:49:05","slug":"biografie","status":"publish","type":"page","link":"http:\/\/hanshirsch.com\/?page_id=3","title":{"rendered":"Biografie"},"content":{"rendered":"<p>Geb. 1946 in Goldlauter \/ Th\u00fcringen. Schulzeit in Gera, allgemeinbildende polytechnische Oberschule. Ausbildung als Bohrwerksfacharbeiter und bis 1965 in der WEMA-Union Gera t\u00e4tig.<\/p>\n<p>Von 1965 bis 1968 Veranstaltungsleiter im Klub der Jugend und Sportler Gera.<\/p>\n<p>1969 B\u00fchnentechniker an den B\u00fchnen der Stadt Gera und ab 1970 bis 1976 Werbegestalter. 1971\/72 Wehrdienst.<\/p>\n<p>1977 bis 1979 vorwiegend t\u00e4tig als Bildjournalist.<\/p>\n<p>1981 bis 1985 Studium an der HBK Braunschweig (Fotografie, Grafik und Soziologie) bei Prof. Michael Ruetz, Prof. Peter Sorge und Prof. Eckhart Bauer.<\/p>\n<p>1985 bis 1988 Studium an der Universit\u00e4t Kassel im Studiengang Freie Kunst (Fotografie) bei Prof. Floris M. Neus\u00fcss.<\/p>\n<p>1988 Abschlussdiplom mit einer Arbeit \u00fcber das Gummidruckverfahren.<\/p>\n<p>1988-1998 Freiberufliche T\u00e4tigkeit als Grafiker und Fotograf in Schwarzenbach \/ Saale<\/p>\n<p>1998 bis 2000 Wohnsitz in Ontario, Canada, Aufbau eines Fine Art Studios.<\/p>\n<p>2000 Wohnsitzwechsel nach Gera, seitdem freie k\u00fcnstlerische T\u00e4tigkeit.<\/p>\n<p>Seit 1976 Ausstellungsbeteiligungen und Einzelausstellungen im In- und Ausland.<\/p>\n","protected":false},"excerpt":{"rendered":"<p>Geb. 1946 in Goldlauter \/ Th\u00fcringen. Schulzeit in Gera, allgemeinbildende polytechnische Oberschule. Ausbildung als Bohrwerksfacharbeiter und bis 1965 in der WEMA-Union Gera t\u00e4tig. Von 1965 bis 1968 Veranstaltungsleiter im Klub der Jugend und Sportler Gera. 1969 B\u00fchnentechniker an den B\u00fchnen der Stadt Gera und ab 1970 bis 1976 Werbegestalter. 1971\/72 Wehrdienst. 1977 bis 1979 vorwiegend [&hellip;]<\/p>\n","protected":false},"author":1,"featured_media":0,"parent":0,"menu_order":0,"comment_status":"closed","ping_status":"open","template":"","meta":[],"_links":{"self":[{"href":"http:\/\/hanshirsch.com\/index.php?rest_route=\/wp\/v2\/pages\/3"}],"collection":[{"href":"http:\/\/hanshirsch.com\/index.php?rest_route=\/wp\/v2\/pages"}],"about":[{"href":"http:\/\/hanshirsch.com\/index.php?rest_route=\/wp\/v2\/types\/page"}],"author":[{"embeddable":true,"href":"http:\/\/hanshirsch.com\/index.php?rest_route=\/wp\/v2\/users\/1"}],"replies":[{"embeddable":true,"href":"http:\/\/hanshirsch.com\/index.php?rest_route=%2Fwp%2Fv2%2Fcomments&post=3"}],"version-history":[{"count":7,"href":"http:\/\/hanshirsch.com\/index.php?rest_route=\/wp\/v2\/pages\/3\/revisions"}],"predecessor-version":[{"id":416,"href":"http:\/\/hanshirsch.com\/index.php?rest_route=\/wp\/v2\/pages\/3\/revisions\/416"}],"wp:attachment":[{"href":"http:\/\/hanshirsch.com\/index.php?rest_route=%2Fwp%2Fv2%2Fmedia&parent=3"}],"curies":[{"name":"wp","href":"https:\/\/api.w.org\/{rel}","templated":true}]}}